{"id":6703,"date":"2021-12-06T18:17:39","date_gmt":"2021-12-06T18:17:39","guid":{"rendered":"https:\/\/markushouse.hr\/references\/"},"modified":"2025-04-18T17:52:35","modified_gmt":"2025-04-18T17:52:35","slug":"references","status":"publish","type":"page","link":"https:\/\/markushouse.hr\/en\/references\/","title":{"rendered":"References"},"content":{"rendered":"<section class=\"l-section wpb_row height_huge width_custom color_primary with_img with_shape\" style=\"--site-content-width:880px;\"><div class=\"l-section-img\" data-img-width=\"2560\" data-img-height=\"1920\" style=\"background-image: url(https:\/\/markushouse.hr\/wp-content\/uploads\/2025\/04\/Markus-House-Montazna-kuca-Pozarevac-150m2-12.jpg);\"><\/div><div class=\"l-section-overlay\" style=\"background:linear-gradient(180deg,rgba(0,0,0,0.2),rgba(0,0,0,0.90))\"><\/div><div class=\"l-section-shape type_triangle pos_bottom\" style=\"height:5vmin;\"><svg xmlns=\"http:\/\/www.w3.org\/2000\/svg\" viewBox=\"0 0 64 8\" preserveAspectRatio=\"none\" width=\"100%\" height=\"100%\">\r\n\t<path fill=\"currentColor\" d=\"M64 8 L0 8 L0 0 L32 7.9 L64 0 Z\"\/>\r\n<\/svg><\/div><div class=\"l-section-h i-cf\"><div class=\"g-cols vc_row via_grid cols_1 laptops-cols_inherit tablets-cols_inherit mobiles-cols_1 valign_top type_default stacking_default\"><div class=\"wpb_column vc_column_container\"><div class=\"vc_column-inner\"><h2 class=\"w-text us_custom_bcde83ea has_text_color\"><span class=\"w-text-h\"><span class=\"w-text-value\">See our reference objects<\/span><\/span><\/h2><div class=\"wpb_text_column us_custom_5634179e has_text_color\"><div class=\"wpb_wrapper\"><p style=\"text-align: center;\">Dear visitors, the photos you see on our website and in our gallery are only a small part of our work. To keep up to date with our new products and services, we suggest you also follow us on social networks Facebook and Instagram or contact us for more photos that we can show you on request due to agreements with investors.<\/p>\n<\/div><\/div><div class=\"w-separator size_medium\"><\/div><div class=\"w-iconbox us_custom_6df4bc3a has_text_color iconpos_top style_outlined color_primary align_center no_title no_text\"><a href=\"#reference\" class=\"w-iconbox-link\" aria-label=\"fal|arrow-down\"><div class=\"w-iconbox-icon\" style=\"font-size:2rem;\"><i class=\"fal fa-arrow-down\"><\/i><\/div><\/a><div class=\"w-iconbox-meta\"><\/div><\/div><\/div><\/div><\/div><\/div><\/section><section class=\"l-section wpb_row us_custom_cb930a70 height_medium width_full\" id=\"reference\"><div class=\"l-section-h i-cf\"><div class=\"g-cols vc_row via_grid cols_1 laptops-cols_inherit tablets-cols_inherit mobiles-cols_1 valign_top type_default stacking_default\"><div class=\"wpb_column vc_column_container\"><div class=\"vc_column-inner\"><div class=\"w-grid us_custom_df5f4c97 has_text_color type_masonry layout_6021 cols_3 overflow_hidden with_isotope\" id=\"us_grid_1\" style=\"--gap:5px;\" data-filterable=\"true\"><style>@media (max-width:1024px){#us_grid_1 .w-grid-item{width:50%}}@media (max-width:600px){#us_grid_1 .w-grid-list{margin:0}#us_grid_1 .w-grid-item{width:100%;padding:0;margin-bottom:var(--gap,0px)}}.layout_6021 .w-grid-item-h{background:var(--color-content-bg);color:var(--color-header-transparent-text);border-radius:1rem;box-shadow:0 0.13rem 0.26rem rgba(0,0,0,0.1),0 0.43rem 1.3rem rgba(0,0,0,0.1);transition-duration:0.3s}.no-touch .layout_6021 .w-grid-item-h:hover{box-shadow:0 0.18rem 0.36rem rgba(0,0,0,0.1),0 0.6rem 1.8rem rgba(0,0,0,0.15);z-index:4}.layout_6021 .usg_post_title_1{color:var(--color-header-middle-text-hover)!important;font-size:1.4rem!important;font-weight:700!important}.layout_6021 .usg_vwrapper_1{position:static!important;padding:9% 11% 11% 11%!important}.layout_6021 .usg_hwrapper_1{color:var(--color-header-middle-text-hover)!important;font-size:0.9rem!important}.layout_6021 .usg_btn_1{text-align:center!important}@media (max-width:600px){.layout_6021 .usg_post_title_1{font-size:1.2rem!important}}<\/style><div class=\"w-grid-list\">\t<article class=\"w-grid-item post-5951 us_portfolio type-us_portfolio status-publish has-post-thumbnail hentry us_portfolio_category-reference-en\" data-id=\"5951\">\r\n\t\t<div class=\"w-grid-item-h\">\r\n\t\t\t\t\t\t\t<a class=\"w-grid-item-anchor\" href=\"https:\/\/markushouse.hr\/en\/projekti\/a-frame-sremcica\/\" rel=\"bookmark\" aria-label=\"A-Frame Srem\u010dica\"><\/a>\r\n\t\t\t\t\t\t<div class=\"w-post-elm post_image usg_post_image_1 stretched\"><a href=\"https:\/\/markushouse.hr\/en\/projekti\/a-frame-sremcica\/\" aria-label=\"A-Frame Srem\u010dica\"><img loading=\"lazy\" decoding=\"async\" width=\"600\" height=\"400\" src=\"https:\/\/markushouse.hr\/wp-content\/uploads\/2025\/04\/Markus-House-A-Frame-Sremcica-60m2-12-600x400.jpg\" class=\"attachment-us_600_400_crop size-us_600_400_crop wp-post-image\" alt=\"\" \/><\/a><\/div><div class=\"w-vwrapper usg_vwrapper_1 align_center valign_middle\"><h2 class=\"w-post-elm post_title usg_post_title_1 has_text_color entry-title color_link_inherit\"><a href=\"https:\/\/markushouse.hr\/en\/projekti\/a-frame-sremcica\/\">A-Frame Srem\u010dica<\/a><\/h2><div class=\"w-hwrapper usg_hwrapper_1 has_text_color wrap\" style=\"--hwrapper-gap:1.20rem\"><div class=\"w-post-elm post_custom_field usg_post_custom_field_1 type_text kvadratura_kuce\"><i class=\"fas fa-house-user\"><\/i><span class=\"w-post-elm-value\">60<\/span><span class=\"w-post-elm-after\"> m2<\/span><\/div><div class=\"w-post-elm post_custom_field usg_post_custom_field_2 type_text spratnost\"><i class=\"fas fa-layer-group\"><\/i><span class=\"w-post-elm-value\">2<\/span><\/div><div class=\"w-post-elm post_custom_field usg_post_custom_field_3 type_text broj_lezajeva\"><i class=\"fas fa-bed\"><\/i><span class=\"w-post-elm-value\">3<\/span><\/div><\/div><a class=\"w-btn us-btn-style_6 usg_btn_1\" href=\"https:\/\/markushouse.hr\/en\/projekti\/a-frame-sremcica\/\"><span class=\"w-btn-label\">Discover more<\/span><\/a><\/div>\t\t<\/div>\r\n\t<\/article>\r\n\t<article class=\"w-grid-item post-6725 us_portfolio type-us_portfolio status-publish has-post-thumbnail hentry us_portfolio_category-reference-en\" data-id=\"6725\">\r\n\t\t<div class=\"w-grid-item-h\">\r\n\t\t\t\t\t\t\t<a class=\"w-grid-item-anchor\" href=\"https:\/\/markushouse.hr\/en\/projekti\/brvnara-kragujevac\/\" rel=\"bookmark\" aria-label=\"Brvnara Kragujevac\"><\/a>\r\n\t\t\t\t\t\t<div class=\"w-post-elm post_image usg_post_image_1 stretched\"><a href=\"https:\/\/markushouse.hr\/en\/projekti\/brvnara-kragujevac\/\" aria-label=\"Brvnara Kragujevac\"><img loading=\"lazy\" decoding=\"async\" width=\"600\" height=\"400\" src=\"https:\/\/markushouse.hr\/wp-content\/uploads\/2025\/04\/Markus-House-Brvnara-125m2-Kragujevac-2-600x400.jpg\" class=\"attachment-us_600_400_crop size-us_600_400_crop wp-post-image\" alt=\"\" \/><\/a><\/div><div class=\"w-vwrapper usg_vwrapper_1 align_center valign_middle\"><h2 class=\"w-post-elm post_title usg_post_title_1 has_text_color entry-title color_link_inherit\"><a href=\"https:\/\/markushouse.hr\/en\/projekti\/brvnara-kragujevac\/\">Brvnara Kragujevac<\/a><\/h2><div class=\"w-hwrapper usg_hwrapper_1 has_text_color wrap\" style=\"--hwrapper-gap:1.20rem\"><div class=\"w-post-elm post_custom_field usg_post_custom_field_1 type_text kvadratura_kuce\"><i class=\"fas fa-house-user\"><\/i><span class=\"w-post-elm-value\">125 m2<\/span><span class=\"w-post-elm-after\"> m2<\/span><\/div><div class=\"w-post-elm post_custom_field usg_post_custom_field_2 type_text spratnost\"><i class=\"fas fa-layer-group\"><\/i><span class=\"w-post-elm-value\">1<\/span><\/div><div class=\"w-post-elm post_custom_field usg_post_custom_field_3 type_text broj_lezajeva\"><i class=\"fas fa-bed\"><\/i><span class=\"w-post-elm-value\">4<\/span><\/div><\/div><a class=\"w-btn us-btn-style_6 usg_btn_1\" href=\"https:\/\/markushouse.hr\/en\/projekti\/brvnara-kragujevac\/\"><span class=\"w-btn-label\">Discover more<\/span><\/a><\/div>\t\t<\/div>\r\n\t<\/article>\r\n\t<article class=\"w-grid-item post-6055 us_portfolio type-us_portfolio status-publish has-post-thumbnail hentry us_portfolio_category-reference-en\" data-id=\"6055\">\r\n\t\t<div class=\"w-grid-item-h\">\r\n\t\t\t\t\t\t\t<a class=\"w-grid-item-anchor\" href=\"https:\/\/markushouse.hr\/en\/projekti\/montazna-kuca-korenica\/\" rel=\"bookmark\" aria-label=\"Monta\u017ena ku\u0107a Korenica\"><\/a>\r\n\t\t\t\t\t\t<div class=\"w-post-elm post_image usg_post_image_1 stretched\"><a href=\"https:\/\/markushouse.hr\/en\/projekti\/montazna-kuca-korenica\/\" aria-label=\"Monta\u017ena ku\u0107a Korenica\"><img loading=\"lazy\" decoding=\"async\" width=\"600\" height=\"400\" src=\"https:\/\/markushouse.hr\/wp-content\/uploads\/2025\/04\/Markus-House-Korenica-73m2-6-600x400.jpg\" class=\"attachment-us_600_400_crop size-us_600_400_crop wp-post-image\" alt=\"\" \/><\/a><\/div><div class=\"w-vwrapper usg_vwrapper_1 align_center valign_middle\"><h2 class=\"w-post-elm post_title usg_post_title_1 has_text_color entry-title color_link_inherit\"><a href=\"https:\/\/markushouse.hr\/en\/projekti\/montazna-kuca-korenica\/\">Monta\u017ena ku\u0107a Korenica<\/a><\/h2><div class=\"w-hwrapper usg_hwrapper_1 has_text_color wrap\" style=\"--hwrapper-gap:1.20rem\"><div class=\"w-post-elm post_custom_field usg_post_custom_field_1 type_text kvadratura_kuce\"><i class=\"fas fa-house-user\"><\/i><span class=\"w-post-elm-value\">73 m2<\/span><span class=\"w-post-elm-after\"> m2<\/span><\/div><div class=\"w-post-elm post_custom_field usg_post_custom_field_2 type_text spratnost\"><i class=\"fas fa-layer-group\"><\/i><span class=\"w-post-elm-value\">2<\/span><\/div><div class=\"w-post-elm post_custom_field usg_post_custom_field_3 type_text broj_lezajeva\"><i class=\"fas fa-bed\"><\/i><span class=\"w-post-elm-value\">3<\/span><\/div><\/div><a class=\"w-btn us-btn-style_6 usg_btn_1\" href=\"https:\/\/markushouse.hr\/en\/projekti\/montazna-kuca-korenica\/\"><span class=\"w-btn-label\">Discover more<\/span><\/a><\/div>\t\t<\/div>\r\n\t<\/article>\r\n\t<article class=\"w-grid-item post-6116 us_portfolio type-us_portfolio status-publish has-post-thumbnail hentry us_portfolio_category-reference-en\" data-id=\"6116\">\r\n\t\t<div class=\"w-grid-item-h\">\r\n\t\t\t\t\t\t\t<a class=\"w-grid-item-anchor\" href=\"https:\/\/markushouse.hr\/en\/projekti\/montazna-kuca-ljubac\/\" rel=\"bookmark\" aria-label=\"Monta\u017ena ku\u0107a Ljuba\u010d\"><\/a>\r\n\t\t\t\t\t\t<div class=\"w-post-elm post_image usg_post_image_1 stretched\"><a href=\"https:\/\/markushouse.hr\/en\/projekti\/montazna-kuca-ljubac\/\" aria-label=\"Monta\u017ena ku\u0107a Ljuba\u010d\"><img loading=\"lazy\" decoding=\"async\" width=\"600\" height=\"400\" src=\"https:\/\/markushouse.hr\/wp-content\/uploads\/2025\/04\/Markus-House-Ljubac-Zadarska-zupanija-134m2-1-600x400.jpg\" class=\"attachment-us_600_400_crop size-us_600_400_crop wp-post-image\" alt=\"\" \/><\/a><\/div><div class=\"w-vwrapper usg_vwrapper_1 align_center valign_middle\"><h2 class=\"w-post-elm post_title usg_post_title_1 has_text_color entry-title color_link_inherit\"><a href=\"https:\/\/markushouse.hr\/en\/projekti\/montazna-kuca-ljubac\/\">Monta\u017ena ku\u0107a Ljuba\u010d<\/a><\/h2><div class=\"w-hwrapper usg_hwrapper_1 has_text_color wrap\" style=\"--hwrapper-gap:1.20rem\"><div class=\"w-post-elm post_custom_field usg_post_custom_field_1 type_text kvadratura_kuce\"><i class=\"fas fa-house-user\"><\/i><span class=\"w-post-elm-value\">134 m2<\/span><span class=\"w-post-elm-after\"> m2<\/span><\/div><div class=\"w-post-elm post_custom_field usg_post_custom_field_2 type_text spratnost\"><i class=\"fas fa-layer-group\"><\/i><span class=\"w-post-elm-value\">1<\/span><\/div><div class=\"w-post-elm post_custom_field usg_post_custom_field_3 type_text broj_lezajeva\"><i class=\"fas fa-bed\"><\/i><span class=\"w-post-elm-value\">3<\/span><\/div><\/div><a class=\"w-btn us-btn-style_6 usg_btn_1\" href=\"https:\/\/markushouse.hr\/en\/projekti\/montazna-kuca-ljubac\/\"><span class=\"w-btn-label\">Discover more<\/span><\/a><\/div>\t\t<\/div>\r\n\t<\/article>\r\n\t<article class=\"w-grid-item post-6188 us_portfolio type-us_portfolio status-publish has-post-thumbnail hentry us_portfolio_category-reference-en\" data-id=\"6188\">\r\n\t\t<div class=\"w-grid-item-h\">\r\n\t\t\t\t\t\t\t<a class=\"w-grid-item-anchor\" href=\"https:\/\/markushouse.hr\/en\/projekti\/montazna-kuca-pozarevac\/\" rel=\"bookmark\" aria-label=\"Monta\u017ena ku\u0107a Po\u017earevac\"><\/a>\r\n\t\t\t\t\t\t<div class=\"w-post-elm post_image usg_post_image_1 stretched\"><a href=\"https:\/\/markushouse.hr\/en\/projekti\/montazna-kuca-pozarevac\/\" aria-label=\"Monta\u017ena ku\u0107a Po\u017earevac\"><img loading=\"lazy\" decoding=\"async\" width=\"600\" height=\"400\" src=\"https:\/\/markushouse.hr\/wp-content\/uploads\/2025\/04\/Markus-House-Montazna-kuca-Pozarevac-150m2-6-600x400.jpg\" class=\"attachment-us_600_400_crop size-us_600_400_crop wp-post-image\" alt=\"\" \/><\/a><\/div><div class=\"w-vwrapper usg_vwrapper_1 align_center valign_middle\"><h2 class=\"w-post-elm post_title usg_post_title_1 has_text_color entry-title color_link_inherit\"><a href=\"https:\/\/markushouse.hr\/en\/projekti\/montazna-kuca-pozarevac\/\">Monta\u017ena ku\u0107a Po\u017earevac<\/a><\/h2><div class=\"w-hwrapper usg_hwrapper_1 has_text_color wrap\" style=\"--hwrapper-gap:1.20rem\"><div class=\"w-post-elm post_custom_field usg_post_custom_field_1 type_text kvadratura_kuce\"><i class=\"fas fa-house-user\"><\/i><span class=\"w-post-elm-value\">150 m2<\/span><span class=\"w-post-elm-after\"> m2<\/span><\/div><div class=\"w-post-elm post_custom_field usg_post_custom_field_2 type_text spratnost\"><i class=\"fas fa-layer-group\"><\/i><span class=\"w-post-elm-value\">1<\/span><\/div><div class=\"w-post-elm post_custom_field usg_post_custom_field_3 type_text broj_lezajeva\"><i class=\"fas fa-bed\"><\/i><span class=\"w-post-elm-value\">3<\/span><\/div><\/div><a class=\"w-btn us-btn-style_6 usg_btn_1\" href=\"https:\/\/markushouse.hr\/en\/projekti\/montazna-kuca-pozarevac\/\"><span class=\"w-btn-label\">Discover more<\/span><\/a><\/div>\t\t<\/div>\r\n\t<\/article>\r\n\t<article class=\"w-grid-item post-6276 us_portfolio type-us_portfolio status-publish has-post-thumbnail hentry us_portfolio_category-reference-en\" data-id=\"6276\">\r\n\t\t<div class=\"w-grid-item-h\">\r\n\t\t\t\t\t\t\t<a class=\"w-grid-item-anchor\" href=\"https:\/\/markushouse.hr\/en\/projekti\/montazna-kuca-sinj\/\" rel=\"bookmark\" aria-label=\"Monta\u017ena ku\u0107a Sinj\"><\/a>\r\n\t\t\t\t\t\t<div class=\"w-post-elm post_image usg_post_image_1 stretched\"><a href=\"https:\/\/markushouse.hr\/en\/projekti\/montazna-kuca-sinj\/\" aria-label=\"Monta\u017ena ku\u0107a Sinj\"><img loading=\"lazy\" decoding=\"async\" width=\"600\" height=\"400\" src=\"https:\/\/markushouse.hr\/wp-content\/uploads\/2025\/04\/Markus-House-Sinj-129m2-4-600x400.jpg\" class=\"attachment-us_600_400_crop size-us_600_400_crop wp-post-image\" alt=\"\" \/><\/a><\/div><div class=\"w-vwrapper usg_vwrapper_1 align_center valign_middle\"><h2 class=\"w-post-elm post_title usg_post_title_1 has_text_color entry-title color_link_inherit\"><a href=\"https:\/\/markushouse.hr\/en\/projekti\/montazna-kuca-sinj\/\">Monta\u017ena ku\u0107a Sinj<\/a><\/h2><div class=\"w-hwrapper usg_hwrapper_1 has_text_color wrap\" style=\"--hwrapper-gap:1.20rem\"><div class=\"w-post-elm post_custom_field usg_post_custom_field_1 type_text kvadratura_kuce\"><i class=\"fas fa-house-user\"><\/i><span class=\"w-post-elm-value\">129 m2<\/span><span class=\"w-post-elm-after\"> m2<\/span><\/div><div class=\"w-post-elm post_custom_field usg_post_custom_field_2 type_text spratnost\"><i class=\"fas fa-layer-group\"><\/i><span class=\"w-post-elm-value\">1<\/span><\/div><div class=\"w-post-elm post_custom_field usg_post_custom_field_3 type_text broj_lezajeva\"><i class=\"fas fa-bed\"><\/i><span class=\"w-post-elm-value\">3<\/span><\/div><\/div><a class=\"w-btn us-btn-style_6 usg_btn_1\" href=\"https:\/\/markushouse.hr\/en\/projekti\/montazna-kuca-sinj\/\"><span class=\"w-btn-label\">Discover more<\/span><\/a><\/div>\t\t<\/div>\r\n\t<\/article>\r\n\t<article class=\"w-grid-item post-6312 us_portfolio type-us_portfolio status-publish has-post-thumbnail hentry us_portfolio_category-reference-en\" data-id=\"6312\">\r\n\t\t<div class=\"w-grid-item-h\">\r\n\t\t\t\t\t\t\t<a class=\"w-grid-item-anchor\" href=\"https:\/\/markushouse.hr\/en\/projekti\/spratna-montazna-kuca-vrcin\/\" rel=\"bookmark\" aria-label=\"Spratna monta\u017ena ku\u0107a Vr\u010din\"><\/a>\r\n\t\t\t\t\t\t<div class=\"w-post-elm post_image usg_post_image_1 stretched\"><a href=\"https:\/\/markushouse.hr\/en\/projekti\/spratna-montazna-kuca-vrcin\/\" aria-label=\"Spratna monta\u017ena ku\u0107a Vr\u010din\"><img loading=\"lazy\" decoding=\"async\" width=\"600\" height=\"400\" src=\"https:\/\/markushouse.hr\/wp-content\/uploads\/2025\/04\/Markus-House-Vrcin-160m2-spratna-montazna-kuca-1-600x400.jpg\" class=\"attachment-us_600_400_crop size-us_600_400_crop wp-post-image\" alt=\"\" \/><\/a><\/div><div class=\"w-vwrapper usg_vwrapper_1 align_center valign_middle\"><h2 class=\"w-post-elm post_title usg_post_title_1 has_text_color entry-title color_link_inherit\"><a href=\"https:\/\/markushouse.hr\/en\/projekti\/spratna-montazna-kuca-vrcin\/\">Spratna monta\u017ena ku\u0107a Vr\u010din<\/a><\/h2><div class=\"w-hwrapper usg_hwrapper_1 has_text_color wrap\" style=\"--hwrapper-gap:1.20rem\"><div class=\"w-post-elm post_custom_field usg_post_custom_field_1 type_text kvadratura_kuce\"><i class=\"fas fa-house-user\"><\/i><span class=\"w-post-elm-value\">160 m2<\/span><span class=\"w-post-elm-after\"> m2<\/span><\/div><div class=\"w-post-elm post_custom_field usg_post_custom_field_2 type_text spratnost\"><i class=\"fas fa-layer-group\"><\/i><span class=\"w-post-elm-value\">2<\/span><\/div><div class=\"w-post-elm post_custom_field usg_post_custom_field_3 type_text broj_lezajeva\"><i class=\"fas fa-bed\"><\/i><span class=\"w-post-elm-value\">5<\/span><\/div><\/div><a class=\"w-btn us-btn-style_6 usg_btn_1\" href=\"https:\/\/markushouse.hr\/en\/projekti\/spratna-montazna-kuca-vrcin\/\"><span class=\"w-btn-label\">Discover more<\/span><\/a><\/div>\t\t<\/div>\r\n\t<\/article>\r\n<\/div><div class=\"w-grid-preloader\"><div class=\"g-preloader type_custom\">\r\n\t<div><img loading=\"lazy\" decoding=\"async\" width=\"300\" height=\"120\" src=\"https:\/\/markushouse.hr\/wp-content\/uploads\/2023\/05\/MARKUS-HOUSE-LOGO-INTRO-300x120.png\" class=\"attachment-medium size-medium\" alt=\"\" srcset=\"https:\/\/markushouse.hr\/wp-content\/uploads\/2023\/05\/MARKUS-HOUSE-LOGO-INTRO-300x120.png 300w, https:\/\/markushouse.hr\/wp-content\/uploads\/2023\/05\/MARKUS-HOUSE-LOGO-INTRO.png 374w\" sizes=\"auto, (max-width: 300px) 100vw, 300px\" \/><\/div>\r\n<\/div>\r\n<\/div>\t<div class=\"w-grid-json hidden\" onclick='return {&quot;action&quot;:&quot;us_ajax_grid&quot;,&quot;ajax_url&quot;:&quot;https:\\\/\\\/markushouse.hr\\\/wp-admin\\\/admin-ajax.php&quot;,&quot;infinite_scroll&quot;:0,&quot;max_num_pages&quot;:1,&quot;pagination&quot;:&quot;none&quot;,&quot;permalink_url&quot;:&quot;https:\\\/\\\/markushouse.hr\\\/en\\\/wp-json\\\/wp\\\/v2\\\/pages\\\/6703\\\/&quot;,&quot;template_vars&quot;:{&quot;columns&quot;:&quot;3&quot;,&quot;exclude_items&quot;:&quot;none&quot;,&quot;img_size&quot;:&quot;us_600_400_crop&quot;,&quot;ignore_items_size&quot;:0,&quot;items_layout&quot;:&quot;6021&quot;,&quot;items_offset&quot;:&quot;1&quot;,&quot;load_animation&quot;:&quot;none&quot;,&quot;overriding_link&quot;:&quot;post&quot;,&quot;post_id&quot;:0,&quot;query_args&quot;:{&quot;post_type&quot;:[&quot;us_portfolio&quot;],&quot;tax_query&quot;:[{&quot;taxonomy&quot;:&quot;us_portfolio_category&quot;,&quot;field&quot;:&quot;slug&quot;,&quot;terms&quot;:[&quot;reference&quot;]}],&quot;post_status&quot;:[&quot;publish&quot;],&quot;posts_per_page&quot;:999},&quot;orderby_query_args&quot;:{&quot;orderby&quot;:{&quot;modified&quot;:&quot;DESC&quot;,&quot;date&quot;:&quot;DESC&quot;}},&quot;type&quot;:&quot;masonry&quot;,&quot;us_grid_ajax_index&quot;:1,&quot;us_grid_filter_params&quot;:null,&quot;us_grid_index&quot;:1,&quot;_us_grid_post_type&quot;:&quot;us_portfolio&quot;,&quot;page_args&quot;:[],&quot;lang&quot;:&quot;en&quot;}}'><\/div>\r\n\t<\/div><\/div><\/div><\/div><\/div><\/section><section class=\"l-section wpb_row height_huge color_primary with_img\"><div class=\"l-section-img\" data-img-width=\"1500\" data-img-height=\"1001\" style=\"background-image: url(https:\/\/markushouse.hr\/wp-content\/uploads\/2023\/05\/real-estate-agent-giving-house-keys.jpg);\"><\/div><div class=\"l-section-overlay\" style=\"background:linear-gradient(180deg,rgba(0,0,0,0.2),rgba(0,0,0,0.90))\"><\/div><div class=\"l-section-h i-cf\"><div class=\"g-cols vc_row via_grid cols_1 laptops-cols_inherit tablets-cols_inherit mobiles-cols_1 valign_top type_default stacking_default\"><div class=\"wpb_column vc_column_container\"><div class=\"vc_column-inner\"><h2 class=\"w-text us_custom_bcde83ea has_text_color\"><span class=\"w-text-h\"><span class=\"w-text-value\">Do not hesitate to contact us.<\/span><\/span><\/h2><div class=\"wpb_text_column us_custom_209cea83 has_text_color\"><div class=\"wpb_wrapper\"><p style=\"text-align: center;\">If you have an idea that you would like to turn into reality, we are here to help you in the process. Our team of experts will carefully listen to your needs and, together with you, create a project that will be the foundation of the future building. Together we will turn your vision into reality.<\/p>\n<\/div><\/div><\/div><\/div><\/div><\/div><\/section><section class=\"l-section wpb_row height_custom\" id=\"contact\"><div class=\"l-section-h i-cf\"><div class=\"g-cols vc_row via_grid cols_1 laptops-cols_inherit tablets-cols_inherit mobiles-cols_1 valign_top type_default stacking_default\"><div class=\"wpb_column vc_column_container\"><div class=\"vc_column-inner\"><div class=\"w-vwrapper us_custom_db98bc72 align_center valign_top\" style=\"--vwrapper-gap:0rem\"><div class=\"w-text us_custom_0259209c has_text_color\"><span class=\"w-text-h\"><span class=\"w-text-value\">Reliable Construction Partner<\/span><\/span><\/div><div class=\"w-text us_custom_fc1dc638 has_text_color\"><span class=\"w-text-h\"><span class=\"w-text-value\">Your Dream Houses<\/span><\/span><\/div><div class=\"w-separator size_medium\"><\/div><div class=\"w-btn-wrapper align_center\"><a class=\"w-btn us-btn-style_6 us_custom_09d3e09f\" title=\"Contact\" href=\"https:\/\/markushouse.hr\/en\/contact\/\"><span class=\"w-btn-label\">Contact<\/span><\/a><\/div><\/div><\/div><\/div><\/div><\/div><\/section>\n","protected":false},"excerpt":{"rendered":"Spratna monta\u017ena ku\u0107a Vr\u010din[vc_media_grid grid_id=\"vc_gid:1745000034687-60f27f2b-d3ef-9\" include=\"6316,6319,6322,6325,6328,6331\"]Area160m2 Construction systemTurnkey LocationVr\u010din, Serbia [vc_custom_heading text=\"Share on social networks\" font_container=\"tag:h4|text_align:center\" use_theme_fonts=\"yes\"][vc_custom_heading text=\"REQUEST FOR OFFER\" font_container=\"tag:h3|text_align:center\" use_theme_fonts=\"yes\"] 1 Step 1 Nameaccount_circle Surnameaccount_circle Emailemail Phone numberphone City\/Site Addressbusiness State Planned construction datedate_range Do you have a finished project, a building permit?Select optionsI will use the provided ready-made projectI don't have a...","protected":false},"author":1,"featured_media":0,"parent":0,"menu_order":0,"comment_status":"closed","ping_status":"closed","template":"","meta":{"footnotes":""},"class_list":["post-6703","page","type-page","status-publish","hentry"],"_links":{"self":[{"href":"https:\/\/markushouse.hr\/en\/wp-json\/wp\/v2\/pages\/6703","targetHints":{"allow":["GET"]}}],"collection":[{"href":"https:\/\/markushouse.hr\/en\/wp-json\/wp\/v2\/pages"}],"about":[{"href":"https:\/\/markushouse.hr\/en\/wp-json\/wp\/v2\/types\/page"}],"author":[{"embeddable":true,"href":"https:\/\/markushouse.hr\/en\/wp-json\/wp\/v2\/users\/1"}],"replies":[{"embeddable":true,"href":"https:\/\/markushouse.hr\/en\/wp-json\/wp\/v2\/comments?post=6703"}],"version-history":[{"count":2,"href":"https:\/\/markushouse.hr\/en\/wp-json\/wp\/v2\/pages\/6703\/revisions"}],"predecessor-version":[{"id":6705,"href":"https:\/\/markushouse.hr\/en\/wp-json\/wp\/v2\/pages\/6703\/revisions\/6705"}],"wp:attachment":[{"href":"https:\/\/markushouse.hr\/en\/wp-json\/wp\/v2\/media?parent=6703"}],"curies":[{"name":"wp","href":"https:\/\/api.w.org\/{rel}","templated":true}]}}